{"id":13,"date":"2014-11-14T16:58:20","date_gmt":"2014-11-14T16:58:20","guid":{"rendered":"http:\/\/gupan.de\/?page_id=13"},"modified":"2022-06-12T12:46:42","modified_gmt":"2022-06-12T12:46:42","slug":"geraete-wartung","status":"publish","type":"page","link":"http:\/\/gupan.de\/?page_id=13","title":{"rendered":"Ger\u00e4te Wartung"},"content":{"rendered":"<p>Die Zufriedenheit Ihrer Kunden\/ Mitglieder h\u00e4ngt auch mit dem technischen Zustand Ihrer Ger\u00e4te zusammen.<\/p>\n<p>Durch gut gepflegte und gewartete Ger\u00e4te werden Kosten planbarer und der&nbsp; Werterhalt verbessert.<\/p>\n<p>Optimal gepflegte Ger\u00e4te l\u00e4\u00dft die Zufriedenheit Ihrer Kunden \u00fcber Ihre Kundenbetreuung ungetr\u00fcbt.<\/p>\n<p>Durch vernachl\u00e4\u00dfigte Pflege entsteht gerne Rost. Hier ist ein Austausch der Bremseinheit notwendig.<\/p>\n<p><a href=\"http:\/\/gupan.de\/wp-content\/uploads\/2014\/11\/IC-Rost.jpg\"><img loading=\"lazy\" class=\"alignnone size-medium wp-image-61\" src=\"http:\/\/gupan.de\/wp-content\/uploads\/2014\/11\/IC-Rost-168x300.jpg\" alt=\"IC Rost\" width=\"168\" height=\"300\" srcset=\"http:\/\/gupan.de\/wp-content\/uploads\/2014\/11\/IC-Rost-168x300.jpg 168w, http:\/\/gupan.de\/wp-content\/uploads\/2014\/11\/IC-Rost.jpg 364w\" sizes=\"(max-width: 168px) 100vw, 168px\" \/><\/a><a href=\"http:\/\/gupan.de\/wp-content\/uploads\/2014\/11\/IC-Wartung.jpg\"><img loading=\"lazy\" class=\"alignnone size-medium wp-image-62\" src=\"http:\/\/gupan.de\/wp-content\/uploads\/2014\/11\/IC-Wartung-300x168.jpg\" alt=\"IC Wartung\" width=\"300\" height=\"168\" srcset=\"http:\/\/gupan.de\/wp-content\/uploads\/2014\/11\/IC-Wartung-300x168.jpg 300w, http:\/\/gupan.de\/wp-content\/uploads\/2014\/11\/IC-Wartung.jpg 648w\" sizes=\"(max-width: 300px) 100vw, 300px\" \/><\/a><\/p>\n<p>Hier ein Beispiel f\u00fcr Spinning<a href=\"http:\/\/gupan.de\/wp-content\/uploads\/2014\/11\/Spinning-Wartung.jpg\"><img loading=\"lazy\" class=\"alignnone size-medium wp-image-23\" src=\"http:\/\/gupan.de\/wp-content\/uploads\/2014\/11\/Spinning-Wartung-300x168.jpg\" alt=\"Spinning Wartung\" width=\"300\" height=\"168\" srcset=\"http:\/\/gupan.de\/wp-content\/uploads\/2014\/11\/Spinning-Wartung-300x168.jpg 300w, http:\/\/gupan.de\/wp-content\/uploads\/2014\/11\/Spinning-Wartung.jpg 648w\" sizes=\"(max-width: 300px) 100vw, 300px\" \/><\/a> Bike Wartung<\/p>\n<p>Zur Wartung geh\u00f6rt<\/p>\n<p>Kettenspannung pr\u00fcfen und einstellen<\/p>\n<p>Bremsbelege&nbsp; pr\u00fcfen, schmieren oder austauschen<\/p>\n<p>Bremssystem pr\u00fcfen, schmieren oder Austauschen<\/p>\n<p>Reinigung und Pr\u00fcfung der Funktionselemente (Sattel- und Lenkerstange,etc.)<\/p>\n<p>Kontrolle der Pedale auf Verschlei\u00df (ein defektes Pedal, bei dem der Pedalk\u00f6rper von der Achse rutscht birgt hohe Verletzungsgefahr)<\/p>\n<p>Allgemeinzustand dokumentieren.<\/p>\n<p>&nbsp;<\/p>\n","protected":false},"excerpt":{"rendered":"<p>Die Zufriedenheit Ihrer Kunden\/ Mitglieder h\u00e4ngt auch mit dem technischen Zustand Ihrer Ger\u00e4te zusammen. Durch gut gepflegte und gewartete Ger\u00e4te werden Kosten planbarer und der&nbsp; Werterhalt verbessert. Optimal gepflegte Ger\u00e4te [&hellip;]<\/p>\n","protected":false},"author":1,"featured_media":0,"parent":49,"menu_order":2,"comment_status":"closed","ping_status":"open","template":"","meta":[],"_links":{"self":[{"href":"http:\/\/gupan.de\/index.php?rest_route=\/wp\/v2\/pages\/13"}],"collection":[{"href":"http:\/\/gupan.de\/index.php?rest_route=\/wp\/v2\/pages"}],"about":[{"href":"http:\/\/gupan.de\/index.php?rest_route=\/wp\/v2\/types\/page"}],"author":[{"embeddable":true,"href":"http:\/\/gupan.de\/index.php?rest_route=\/wp\/v2\/users\/1"}],"replies":[{"embeddable":true,"href":"http:\/\/gupan.de\/index.php?rest_route=%2Fwp%2Fv2%2Fcomments&post=13"}],"version-history":[{"count":7,"href":"http:\/\/gupan.de\/index.php?rest_route=\/wp\/v2\/pages\/13\/revisions"}],"predecessor-version":[{"id":259,"href":"http:\/\/gupan.de\/index.php?rest_route=\/wp\/v2\/pages\/13\/revisions\/259"}],"up":[{"embeddable":true,"href":"http:\/\/gupan.de\/index.php?rest_route=\/wp\/v2\/pages\/49"}],"wp:attachment":[{"href":"http:\/\/gupan.de\/index.php?rest_route=%2Fwp%2Fv2%2Fmedia&parent=13"}],"curies":[{"name":"wp","href":"https:\/\/api.w.org\/{rel}","templated":true}]}}