{"id":49,"date":"2015-02-14T21:13:44","date_gmt":"2015-02-14T21:13:44","guid":{"rendered":"http:\/\/gupan.de\/?page_id=49"},"modified":"2022-06-12T12:48:43","modified_gmt":"2022-06-12T12:48:43","slug":"ihr-zuverlaessiger-partner","status":"publish","type":"page","link":"https:\/\/gupan.de\/?page_id=49","title":{"rendered":"Service"},"content":{"rendered":"<p>Defekte Ger\u00e4te sind ein Grund f\u00fcr Unzufriedenheit Ihrer Kunden\/ Mitglieder Ihres Studios!<\/p>\n<p>Ich biete Ihnen den Service f\u00fcr die Instandhaltung und Wert-Erhaltung Ihrer Fitness Ger\u00e4te.<br \/>\nSie haben in mir den kompetenten und&nbsp; zuverl\u00e4ssligen Techniker gefunden, der Ihen mit Rat und Tat zur Seite steht.<\/p>\n<p>Von 1998 als Service Techniker in NRW f\u00fcr <a href=\"http:\/\/www.movetolive.de\/\" target=\"_blank\" rel=\"noopener\">Stairmaster Schwinn und Nautilus<\/a> t\u00e4tig.<br \/>\nSeit 2014 nun in Norddeutschland ans\u00e4ssig. Fehmarn als Hauptsitz und Hamburg als St\u00fctzpunkt.<br \/>\nSo sind feste Anfahrkosten planbar und kosteng\u00fcnstig.<br \/>\nFairer Stundenpreis bei bester Beratung f\u00fcr den Kosten- Nutzen- Effekt Ihrer Reparatur.<br \/>\nAttraktive Angebote zB.:f\u00fcr regelm\u00e4\u00dfige Indoor Cycle Inspektion oder <a href=\"http:\/\/gupan.de\/?page_id=13\">Wartung<\/a><\/p>\n<p>Service Partner von FreeMotion, Octan Fitness, TrueFitness, Nautilus, Schwinn, Stairmaster und Tomohawk<\/p>\n<p>Sie melden sich &#8230; Ich k\u00fcmmere mich!<\/p>\n<p>&nbsp;<\/p>\n<p>mit freundlichen Gr\u00fc\u00dfen<\/p>\n<p>Uwe Panzer<\/p>\n","protected":false},"excerpt":{"rendered":"<p>Defekte Ger\u00e4te sind ein Grund f\u00fcr Unzufriedenheit Ihrer Kunden\/ Mitglieder Ihres Studios! Ich biete Ihnen den Service f\u00fcr die Instandhaltung und Wert-Erhaltung Ihrer Fitness Ger\u00e4te. Sie haben in mir den [&hellip;]<\/p>\n","protected":false},"author":1,"featured_media":0,"parent":0,"menu_order":1,"comment_status":"closed","ping_status":"open","template":"","meta":[],"_links":{"self":[{"href":"https:\/\/gupan.de\/index.php?rest_route=\/wp\/v2\/pages\/49"}],"collection":[{"href":"https:\/\/gupan.de\/index.php?rest_route=\/wp\/v2\/pages"}],"about":[{"href":"https:\/\/gupan.de\/index.php?rest_route=\/wp\/v2\/types\/page"}],"author":[{"embeddable":true,"href":"https:\/\/gupan.de\/index.php?rest_route=\/wp\/v2\/users\/1"}],"replies":[{"embeddable":true,"href":"https:\/\/gupan.de\/index.php?rest_route=%2Fwp%2Fv2%2Fcomments&post=49"}],"version-history":[{"count":6,"href":"https:\/\/gupan.de\/index.php?rest_route=\/wp\/v2\/pages\/49\/revisions"}],"predecessor-version":[{"id":260,"href":"https:\/\/gupan.de\/index.php?rest_route=\/wp\/v2\/pages\/49\/revisions\/260"}],"wp:attachment":[{"href":"https:\/\/gupan.de\/index.php?rest_route=%2Fwp%2Fv2%2Fmedia&parent=49"}],"curies":[{"name":"wp","href":"https:\/\/api.w.org\/{rel}","templated":true}]}}